{"id":36,"date":"2022-06-23T20:12:46","date_gmt":"2022-06-23T18:12:46","guid":{"rendered":"https:\/\/www.dghub.de\/?page_id=36"},"modified":"2024-10-09T23:02:40","modified_gmt":"2024-10-09T21:02:40","slug":"vorstand","status":"publish","type":"page","link":"https:\/\/test.dghub.de\/?page_id=36","title":{"rendered":"Vorstand"},"content":{"rendered":"\n<figure class=\"wp-block-table\"><table><tbody><tr><td><strong>Funktion<\/strong><\/td><td><strong>Name<\/strong><\/td><\/tr><tr><td>1. Vorsitzender<\/td><td>Uwe Klein<\/td><\/tr><tr><td>2. Vorsitzende<\/td><td>Uschi Louven<\/td><\/tr><tr><td>Gesch\u00e4ftsf\u00fchrer<\/td><td>Michael Tillmann<\/td><\/tr><tr><td>stellv.  Gesch\u00e4ftsf\u00fchrer<\/td><td>Kevin Buss<\/td><\/tr><tr><td>Schriftf\u00fchrer<\/td><td>Felix Levy<\/td><\/tr><tr><td>stellv. Schriftf\u00fchrer<\/td><td>&#8211;<\/td><\/tr><\/tbody><\/table><figcaption class=\"wp-element-caption\">Nach Neuwahl am 22.06.2022<\/figcaption><\/figure>\n","protected":false},"excerpt":{"rendered":"<p>Funktion Name 1. Vorsitzender Uwe Klein 2. Vorsitzende Uschi Louven Gesch\u00e4ftsf\u00fchrer Michael Tillmann stellv. Gesch\u00e4ftsf\u00fchrer Kevin Buss Schriftf\u00fchrer Felix Levy stellv. Schriftf\u00fchrer &#8211; Nach Neuwahl &hellip; <\/p>\n","protected":false},"author":1,"featured_media":0,"parent":0,"menu_order":0,"comment_status":"closed","ping_status":"closed","template":"","meta":{"footnotes":""},"class_list":["post-36","page","type-page","status-publish","hentry"],"_links":{"self":[{"href":"https:\/\/test.dghub.de\/index.php?rest_route=\/wp\/v2\/pages\/36","targetHints":{"allow":["GET"]}}],"collection":[{"href":"https:\/\/test.dghub.de\/index.php?rest_route=\/wp\/v2\/pages"}],"about":[{"href":"https:\/\/test.dghub.de\/index.php?rest_route=\/wp\/v2\/types\/page"}],"author":[{"embeddable":true,"href":"https:\/\/test.dghub.de\/index.php?rest_route=\/wp\/v2\/users\/1"}],"replies":[{"embeddable":true,"href":"https:\/\/test.dghub.de\/index.php?rest_route=%2Fwp%2Fv2%2Fcomments&post=36"}],"version-history":[{"count":4,"href":"https:\/\/test.dghub.de\/index.php?rest_route=\/wp\/v2\/pages\/36\/revisions"}],"predecessor-version":[{"id":1548,"href":"https:\/\/test.dghub.de\/index.php?rest_route=\/wp\/v2\/pages\/36\/revisions\/1548"}],"wp:attachment":[{"href":"https:\/\/test.dghub.de\/index.php?rest_route=%2Fwp%2Fv2%2Fmedia&parent=36"}],"curies":[{"name":"wp","href":"https:\/\/api.w.org\/{rel}","templated":true}]}}